{"id":15,"date":"2012-06-18T11:59:34","date_gmt":"2012-06-18T11:59:34","guid":{"rendered":"http:\/\/www.gin.at\/komm\/?page_id=15"},"modified":"2024-01-08T10:25:19","modified_gmt":"2024-01-08T10:25:19","slug":"geschichte","status":"publish","type":"page","link":"https:\/\/komm.gin.at\/?page_id=15","title":{"rendered":"\u00dcBER UNS"},"content":{"rendered":"<p style=\"text-align: justify;\">Das Komm wurde 1995 als Freizeitzentrum des Vereins <a href=\"https:\/\/komm.gin.at\" target=\"_blank\" rel=\"noopener noreferrer\">GIN<\/a> gegr\u00fcndet und ist ein sozialer Raum f\u00fcr Menschen mit Behinerungen.<\/p>\n<p>Wir bieten t\u00e4glich unterst\u00fctzten Kaffeehaus-Betrieb und einen warmen Tagesteller*. Es gibt Brettspiele, einen Wuzzler, eine Dart-Scheibe, eine Tischtennis-Platte, einen separaten Fernseh-Bereich und freien Internetzugang.<\/p>\n<p>Dar\u00fcber hinaus gibt es ein Programm an <a href=\"https:\/\/komm.gin.at\/\">Aktivit\u00e4ten<\/a>.<\/p>\n<p style=\"text-align: justify;\">Von Menschen die unser Angebot dauerhaft nutzen m\u00f6chten, ben\u00f6tigen wir einige Angaben &#8211; beispielsweise Kontaktdaten von Ansprechpersonen f\u00fcr Notf\u00e4lle.<\/p>\n<p>Dar\u00fcber hinaus kostet eine Mitgliedschaft f\u00fcr Menschen die nicht von GIN betreut werden, einmalig 8\u20ac.<\/p>\n<p>Wir freuen uns auf euch!<\/p>\n<p style=\"text-align: justify;\"><span style=\"color: #000000;\">*Abendessen gibt es Di-Sa um 18 Uhr. Wir bitten um Anmeldung bis 17 Uhr.<\/span><\/p>\n","protected":false},"excerpt":{"rendered":"<p>Das Komm wurde 1995 als Freizeitzentrum des Vereins GIN gegr\u00fcndet und ist ein sozialer Raum f\u00fcr Menschen mit Behinerungen. Wir bieten t\u00e4glich unterst\u00fctzten Kaffeehaus-Betrieb und einen warmen Tagesteller*. Es gibt Brettspiele, einen Wuzzler, eine Dart-Scheibe, eine Tischtennis-Platte, einen separaten Fernseh-Bereich und freien Internetzugang. Dar\u00fcber hinaus gibt es ein Programm an Aktivit\u00e4ten. Von Menschen die unser &hellip; <a href=\"https:\/\/komm.gin.at\/?page_id=15\" class=\"more-link\"><span class=\"screen-reader-text\">\u00dcBER UNS<\/span> weiterlesen <span class=\"meta-nav\">&rarr;<\/span><\/a><\/p>\n","protected":false},"author":1,"featured_media":0,"parent":0,"menu_order":0,"comment_status":"closed","ping_status":"closed","template":"","meta":{"footnotes":""},"_links":{"self":[{"href":"https:\/\/komm.gin.at\/index.php?rest_route=\/wp\/v2\/pages\/15"}],"collection":[{"href":"https:\/\/komm.gin.at\/index.php?rest_route=\/wp\/v2\/pages"}],"about":[{"href":"https:\/\/komm.gin.at\/index.php?rest_route=\/wp\/v2\/types\/page"}],"author":[{"embeddable":true,"href":"https:\/\/komm.gin.at\/index.php?rest_route=\/wp\/v2\/users\/1"}],"replies":[{"embeddable":true,"href":"https:\/\/komm.gin.at\/index.php?rest_route=%2Fwp%2Fv2%2Fcomments&post=15"}],"version-history":[{"count":45,"href":"https:\/\/komm.gin.at\/index.php?rest_route=\/wp\/v2\/pages\/15\/revisions"}],"predecessor-version":[{"id":2786,"href":"https:\/\/komm.gin.at\/index.php?rest_route=\/wp\/v2\/pages\/15\/revisions\/2786"}],"wp:attachment":[{"href":"https:\/\/komm.gin.at\/index.php?rest_route=%2Fwp%2Fv2%2Fmedia&parent=15"}],"curies":[{"name":"wp","href":"https:\/\/api.w.org\/{rel}","templated":true}]}}